{"id":37056,"date":"2015-09-09T11:09:12","date_gmt":"2015-09-09T09:09:12","guid":{"rendered":"https:\/\/undsgn.com\/uncode\/?page_id=37056"},"modified":"2024-03-08T14:35:22","modified_gmt":"2024-03-08T13:35:22","slug":"itmendelu","status":"publish","type":"page","link":"https:\/\/informatika.mendelu.cz\/en\/","title":{"rendered":"IT@MENDELU"},"content":{"rendered":"<section class=\"wpb-content-wrapper\"><p>[vc_row row_height_percent=&#8220;70&#8243; overlay_alpha=&#8220;50&#8243; gutter_size=&#8220;3&#8243; column_width_percent=&#8220;100&#8243; shift_y=&#8220;0&#8243; z_index=&#8220;0&#8243; front_end_with_slider=&#8220;true&#8220; uncode_shortcode_id=&#8220;200162&#8243;][vc_column width=&#8220;1\/1&#8243;][uncode_slider slider_type=&#8220;fade&#8220; slider_interval=&#8220;5000&#8243; slider_navspeed=&#8220;400&#8243; slider_loop=&#8220;yes&#8220;][vc_row_inner row_inner_height_percent=&#8220;0&#8243; back_color=&#8220;color-jevc&#8220; back_image=&#8220;88240&#8243; parallax=&#8220;yes&#8220; overlay_color=&#8220;color-wayh&#8220; overlay_alpha=&#8220;20&#8243; gutter_size=&#8220;3&#8243; shift_y=&#8220;0&#8243; z_index=&#8220;0&#8243; limit_content=&#8220;yes&#8220; front_end_with_slider=&#8220;true&#8220; uncode_shortcode_id=&#8220;924980&#8243; back_color_type=&#8220;uncode-palette&#8220; overlay_color_type=&#8220;uncode-palette&#8220;][vc_column_inner column_width_percent=&#8220;100&#8243; position_vertical=&#8220;middle&#8220; align_horizontal=&#8220;align_center&#8220; gutter_size=&#8220;2&#8243; style=&#8220;dark&#8220; overlay_alpha=&#8220;50&#8243; shift_x=&#8220;0&#8243; shift_y=&#8220;0&#8243; z_index=&#8220;0&#8243; medium_width=&#8220;0&#8243; zoom_width=&#8220;0&#8243; zoom_height=&#8220;0&#8243; width=&#8220;1\/1&#8243;][vc_custom_heading text_color=&#8220;color-xsdn&#8220; heading_semantic=&#8220;h1&#8243; text_size=&#8220;fontsize-338686&#8243; text_weight=&#8220;700&#8243; text_transform=&#8220;uppercase&#8220; text_height=&#8220;fontheight-179065&#8243; text_space=&#8220;fontspace-111509&#8243; sub_lead=&#8220;yes&#8220; sub_reduced=&#8220;yes&#8220; css_animation=&#8220;zoom-in&#8220; uncode_shortcode_id=&#8220;369996&#8243; text_color_type=&#8220;uncode-palette&#8220;]Informatics at Mendel University[\/vc_custom_heading][vc_custom_heading text_color=&#8220;color-xsdn&#8220; heading_semantic=&#8220;h5&#8243; text_size=&#8220;&#8220; text_weight=&#8220;700&#8243; text_transform=&#8220;uppercase&#8220; text_height=&#8220;fontheight-179065&#8243; text_space=&#8220;fontspace-111509&#8243; sub_lead=&#8220;yes&#8220; sub_reduced=&#8220;yes&#8220; css_animation=&#8220;zoom-in&#8220; uncode_shortcode_id=&#8220;162254&#8243; text_color_type=&#8220;uncode-palette&#8220;]Combination of informatics and management study with many years tradiotion in Brno city[\/vc_custom_heading][vc_empty_space empty_h=&#8220;1&#8243;][vc_button button_color=&#8220;color-prif&#8220; radius=&#8220;btn-circle&#8220; border_width=&#8220;0&#8243; css_animation=&#8220;zoom-in&#8220; animation_delay=&#8220;800&#8243; link=&#8220;url:https%3A%2F%2Finformatika.mendelu.cz%2Fxandrysk%2F%3Fpage_id%3D87348|title:Kdo%20jsme&#8220; button_color_type=&#8220;uncode-palette&#8220; uncode_shortcode_id=&#8220;214743&#8243;]Further information[\/vc_button][\/vc_column_inner][\/vc_row_inner][vc_row_inner row_inner_height_percent=&#8220;0&#8243; back_color=&#8220;color-jevc&#8220; back_image=&#8220;86951&#8243; parallax=&#8220;yes&#8220; overlay_color=&#8220;accent&#8220; overlay_alpha=&#8220;85&#8243; gutter_size=&#8220;3&#8243; shift_y=&#8220;0&#8243; z_index=&#8220;0&#8243; limit_content=&#8220;yes&#8220; front_end_with_slider=&#8220;true&#8220; uncode_shortcode_id=&#8220;185315&#8243; back_color_type=&#8220;uncode-palette&#8220; overlay_color_type=&#8220;uncode-palette&#8220;][vc_column_inner column_width_percent=&#8220;100&#8243; position_vertical=&#8220;middle&#8220; align_horizontal=&#8220;align_center&#8220; gutter_size=&#8220;2&#8243; style=&#8220;dark&#8220; overlay_alpha=&#8220;50&#8243; shift_x=&#8220;0&#8243; shift_y=&#8220;0&#8243; z_index=&#8220;0&#8243; medium_width=&#8220;0&#8243; zoom_width=&#8220;0&#8243; zoom_height=&#8220;0&#8243; width=&#8220;1\/1&#8243;][vc_custom_heading text_color=&#8220;color-xsdn&#8220; heading_semantic=&#8220;h1&#8243; text_size=&#8220;fontsize-338686&#8243; text_weight=&#8220;700&#8243; text_transform=&#8220;uppercase&#8220; text_height=&#8220;fontheight-179065&#8243; text_space=&#8220;fontspace-111509&#8243; sub_lead=&#8220;yes&#8220; css_animation=&#8220;zoom-in&#8220; uncode_shortcode_id=&#8220;771961&#8243; text_color_type=&#8220;uncode-palette&#8220;]Contracted research and development[\/vc_custom_heading][vc_custom_heading text_color=&#8220;color-xsdn&#8220; heading_semantic=&#8220;h3&#8243; text_font=&#8220;font-156269&#8243; text_size=&#8220;&#8220; text_weight=&#8220;700&#8243; text_transform=&#8220;uppercase&#8220; text_height=&#8220;fontheight-179065&#8243; text_space=&#8220;fontspace-111509&#8243; sub_lead=&#8220;yes&#8220; sub_reduced=&#8220;yes&#8220; css_animation=&#8220;zoom-in&#8220; uncode_shortcode_id=&#8220;120781&#8243; text_color_type=&#8220;uncode-palette&#8220;]For companies and organizations[\/vc_custom_heading][vc_empty_space empty_h=&#8220;1&#8243;][vc_button button_color=&#8220;color-jevc&#8220; radius=&#8220;btn-circle&#8220; border_width=&#8220;0&#8243; css_animation=&#8220;zoom-in&#8220; animation_delay=&#8220;800&#8243; link=&#8220;url:https%3A%2F%2Finformatika.mendelu.cz%2F%3Fpage_id%3D87363|title:Kdo%20jsme&#8220; button_color_type=&#8220;uncode-palette&#8220; uncode_shortcode_id=&#8220;152813&#8243;]Further information[\/vc_button][\/vc_column_inner][\/vc_row_inner][vc_row_inner row_inner_height_percent=&#8220;0&#8243; back_color=&#8220;color-jevc&#8220; back_image=&#8220;88034&#8243; parallax=&#8220;yes&#8220; overlay_color=&#8220;accent&#8220; overlay_alpha=&#8220;85&#8243; gutter_size=&#8220;3&#8243; shift_y=&#8220;0&#8243; z_index=&#8220;0&#8243; limit_content=&#8220;yes&#8220; front_end_with_slider=&#8220;true&#8220; uncode_shortcode_id=&#8220;162582&#8243; back_color_type=&#8220;uncode-palette&#8220; overlay_color_type=&#8220;uncode-palette&#8220;][vc_column_inner column_width_percent=&#8220;100&#8243; position_vertical=&#8220;middle&#8220; align_horizontal=&#8220;align_center&#8220; gutter_size=&#8220;2&#8243; style=&#8220;dark&#8220; overlay_alpha=&#8220;50&#8243; shift_x=&#8220;0&#8243; shift_y=&#8220;0&#8243; z_index=&#8220;0&#8243; medium_width=&#8220;0&#8243; zoom_width=&#8220;0&#8243; zoom_height=&#8220;0&#8243; width=&#8220;1\/1&#8243;][vc_custom_heading text_color=&#8220;color-xsdn&#8220; heading_semantic=&#8220;h1&#8243; text_size=&#8220;fontsize-338686&#8243; text_weight=&#8220;700&#8243; text_transform=&#8220;uppercase&#8220; text_height=&#8220;fontheight-179065&#8243; text_space=&#8220;fontspace-111509&#8243; sub_lead=&#8220;yes&#8220; css_animation=&#8220;zoom-in&#8220; uncode_shortcode_id=&#8220;303566&#8243; text_color_type=&#8220;uncode-palette&#8220;]Study in state-of-the-art labs[\/vc_custom_heading][vc_custom_heading text_color=&#8220;color-xsdn&#8220; heading_semantic=&#8220;h3&#8243; text_font=&#8220;font-156269&#8243; text_size=&#8220;&#8220; text_weight=&#8220;700&#8243; text_transform=&#8220;uppercase&#8220; text_height=&#8220;fontheight-179065&#8243; text_space=&#8220;fontspace-111509&#8243; sub_lead=&#8220;yes&#8220; sub_reduced=&#8220;yes&#8220; css_animation=&#8220;zoom-in&#8220; uncode_shortcode_id=&#8220;159374&#8243; text_color_type=&#8220;uncode-palette&#8220;]Collaborative robotic arms, virtual reality, you name it&#8230;[\/vc_custom_heading][vc_empty_space empty_h=&#8220;1&#8243;][vc_button button_color=&#8220;color-jevc&#8220; radius=&#8220;btn-circle&#8220; border_width=&#8220;0&#8243; css_animation=&#8220;zoom-in&#8220; animation_delay=&#8220;800&#8243; link=&#8220;url:https%3A%2F%2Finformatika.mendelu.cz%2F%3Fpage_id%3D87365|title:Kdo%20jsme&#8220; button_color_type=&#8220;uncode-palette&#8220; uncode_shortcode_id=&#8220;144869&#8243;]Further information[\/vc_button][\/vc_column_inner][\/vc_row_inner][vc_row_inner row_inner_height_percent=&#8220;0&#8243; back_color=&#8220;color-jevc&#8220; back_image=&#8220;87081&#8243; parallax=&#8220;yes&#8220; overlay_color=&#8220;accent&#8220; overlay_alpha=&#8220;85&#8243; gutter_size=&#8220;3&#8243; shift_y=&#8220;0&#8243; z_index=&#8220;0&#8243; limit_content=&#8220;yes&#8220; front_end_with_slider=&#8220;true&#8220; uncode_shortcode_id=&#8220;351848&#8243; back_color_type=&#8220;uncode-palette&#8220; overlay_color_type=&#8220;uncode-palette&#8220;][vc_column_inner column_width_percent=&#8220;100&#8243; position_vertical=&#8220;middle&#8220; align_horizontal=&#8220;align_center&#8220; gutter_size=&#8220;2&#8243; style=&#8220;dark&#8220; overlay_alpha=&#8220;50&#8243; shift_x=&#8220;0&#8243; shift_y=&#8220;0&#8243; z_index=&#8220;0&#8243; medium_width=&#8220;0&#8243; zoom_width=&#8220;0&#8243; zoom_height=&#8220;0&#8243; width=&#8220;1\/1&#8243;][vc_custom_heading text_color=&#8220;color-xsdn&#8220; heading_semantic=&#8220;h1&#8243; text_size=&#8220;fontsize-338686&#8243; text_weight=&#8220;700&#8243; text_transform=&#8220;uppercase&#8220; text_height=&#8220;fontheight-179065&#8243; text_space=&#8220;fontspace-111509&#8243; sub_lead=&#8220;yes&#8220; css_animation=&#8220;zoom-in&#8220; uncode_shortcode_id=&#8220;114939&#8243; text_color_type=&#8220;uncode-palette&#8220;]Open Informatics[\/vc_custom_heading][vc_custom_heading text_color=&#8220;color-xsdn&#8220; heading_semantic=&#8220;h3&#8243; text_font=&#8220;font-156269&#8243; text_size=&#8220;&#8220; text_weight=&#8220;700&#8243; text_transform=&#8220;uppercase&#8220; text_height=&#8220;fontheight-179065&#8243; text_space=&#8220;fontspace-111509&#8243; sub_lead=&#8220;yes&#8220; sub_reduced=&#8220;yes&#8220; css_animation=&#8220;zoom-in&#8220; uncode_shortcode_id=&#8220;108060&#8243; text_color_type=&#8220;uncode-palette&#8220;]Master&#8217;s degree programme[\/vc_custom_heading][vc_empty_space empty_h=&#8220;1&#8243;][vc_button button_color=&#8220;color-jevc&#8220; radius=&#8220;btn-circle&#8220; border_width=&#8220;0&#8243; css_animation=&#8220;zoom-in&#8220; animation_delay=&#8220;800&#8243; link=&#8220;url:https%3A%2F%2Finformatika.mendelu.cz%2F%3Fpage_id%3D87224|title:Kdo%20jsme&#8220; button_color_type=&#8220;uncode-palette&#8220; uncode_shortcode_id=&#8220;111719&#8243;]Further information[\/vc_button][\/vc_column_inner][\/vc_row_inner][\/uncode_slider][\/vc_column][\/vc_row][vc_row row_height_percent=&#8220;8&#8243; back_color=&#8220;color-jevc&#8220; overlay_alpha=&#8220;0&#8243; gutter_size=&#8220;100&#8243; column_width_percent=&#8220;100&#8243; border_style=&#8220;solid&#8220; shift_y=&#8220;0&#8243; z_index=&#8220;0&#8243; mobile_visibility=&#8220;yes&#8220; style=&#8220;inherited&#8220; uncode_shortcode_id=&#8220;822129&#8243; back_color_type=&#8220;uncode-palette&#8220;][vc_column column_width_percent=&#8220;100&#8243; position_vertical=&#8220;middle&#8220; align_horizontal=&#8220;align_center&#8220; gutter_size=&#8220;0&#8243; style=&#8220;dark&#8220; overlay_alpha=&#8220;100&#8243; shift_x=&#8220;0&#8243; shift_y=&#8220;0&#8243; shift_y_down=&#8220;0&#8243; z_index=&#8220;0&#8243; medium_width=&#8220;0&#8243; mobile_width=&#8220;0&#8243; zoom_width=&#8220;0&#8243; zoom_height=&#8220;0&#8243; width=&#8220;1\/1&#8243;][vc_row_inner row_inner_height_percent=&#8220;0&#8243; overlay_alpha=&#8220;50&#8243; gutter_size=&#8220;3&#8243; shift_y=&#8220;0&#8243; z_index=&#8220;0&#8243; limit_content=&#8220;&#8220;][vc_column_inner column_width_percent=&#8220;100&#8243; position_vertical=&#8220;middle&#8220; align_horizontal=&#8220;align_center&#8220; gutter_size=&#8220;0&#8243; style=&#8220;dark&#8220; overlay_alpha=&#8220;50&#8243; shift_x=&#8220;0&#8243; shift_y=&#8220;0&#8243; shift_y_down=&#8220;0&#8243; z_index=&#8220;0&#8243; medium_width=&#8220;2&#8243; mobile_width=&#8220;0&#8243; zoom_width=&#8220;0&#8243; zoom_height=&#8220;0&#8243; width=&#8220;1\/3&#8243;][uncode_counter value=&#8220;4&#8243; counter_color=&#8220;accent&#8220; size=&#8220;h1&#8243; weight=&#8220;600&#8243; text=&#8220;Study programmes&#8220; css_animation=&#8220;zoom-out&#8220; animation_speed=&#8220;100&#8243; dimension=&#8220;h1&#8243; uncode_shortcode_id=&#8220;223378&#8243; counter_color_type=&#8220;uncode-palette&#8220;][\/vc_column_inner][vc_column_inner column_width_percent=&#8220;100&#8243; position_vertical=&#8220;middle&#8220; align_horizontal=&#8220;align_center&#8220; gutter_size=&#8220;0&#8243; style=&#8220;dark&#8220; font_family=&#8220;font-762333&#8243; overlay_alpha=&#8220;50&#8243; shift_x=&#8220;0&#8243; shift_y=&#8220;0&#8243; z_index=&#8220;0&#8243; medium_width=&#8220;2&#8243; zoom_width=&#8220;0&#8243; zoom_height=&#8220;0&#8243; width=&#8220;1\/3&#8243;][uncode_counter value=&#8220;382&#8243; counter_color=&#8220;accent&#8220; size=&#8220;h1&#8243; weight=&#8220;600&#8243; text=&#8220;Current number of IT students&#8220; css_animation=&#8220;zoom-out&#8220; animation_speed=&#8220;100&#8243; animation_delay=&#8220;200&#8243; dimension=&#8220;h1&#8243; uncode_shortcode_id=&#8220;142204&#8243; counter_color_type=&#8220;uncode-palette&#8220;][\/vc_column_inner][vc_column_inner column_width_percent=&#8220;100&#8243; position_vertical=&#8220;middle&#8220; align_horizontal=&#8220;align_center&#8220; gutter_size=&#8220;0&#8243; style=&#8220;dark&#8220; font_family=&#8220;font-762333&#8243; overlay_alpha=&#8220;50&#8243; shift_x=&#8220;0&#8243; shift_y=&#8220;0&#8243; z_index=&#8220;0&#8243; medium_width=&#8220;2&#8243; zoom_width=&#8220;0&#8243; zoom_height=&#8220;0&#8243; width=&#8220;1\/3&#8243;][uncode_counter value=&#8220;488&#8243; counter_color=&#8220;accent&#8220; size=&#8220;h1&#8243; weight=&#8220;600&#8243; text=&#8220;Number of graduates in the last 5 years&#8220; css_animation=&#8220;zoom-out&#8220; animation_speed=&#8220;100&#8243; animation_delay=&#8220;400&#8243; dimension=&#8220;h1&#8243; uncode_shortcode_id=&#8220;167897&#8243; counter_color_type=&#8220;uncode-palette&#8220;][\/vc_column_inner][\/vc_row_inner][\/vc_column][\/vc_row][vc_row row_height_percent=&#8220;25&#8243; override_padding=&#8220;yes&#8220; h_padding=&#8220;2&#8243; top_padding=&#8220;2&#8243; bottom_padding=&#8220;3&#8243; overlay_alpha=&#8220;50&#8243; equal_height=&#8220;yes&#8220; gutter_size=&#8220;2&#8243; column_width_percent=&#8220;100&#8243; shift_y=&#8220;0&#8243; z_index=&#8220;0&#8243; uncode_shortcode_id=&#8220;121313&#8243;][vc_column column_width_percent=&#8220;100&#8243; position_vertical=&#8220;middle&#8220; gutter_size=&#8220;5&#8243; overlay_alpha=&#8220;50&#8243; shift_x=&#8220;0&#8243; shift_y=&#8220;0&#8243; shift_y_down=&#8220;0&#8243; z_index=&#8220;0&#8243; medium_width=&#8220;0&#8243; mobile_width=&#8220;0&#8243; width=&#8220;1\/1&#8243;][vc_row_inner row_inner_height_percent=&#8220;0&#8243; overlay_alpha=&#8220;50&#8243; gutter_size=&#8220;4&#8243; shift_y=&#8220;0&#8243; z_index=&#8220;0&#8243; limit_content=&#8220;&#8220;][vc_column_inner column_width_percent=&#8220;100&#8243; gutter_size=&#8220;3&#8243; overlay_alpha=&#8220;50&#8243; shift_x=&#8220;0&#8243; shift_y=&#8220;0&#8243; shift_y_down=&#8220;0&#8243; z_index=&#8220;0&#8243; medium_width=&#8220;0&#8243; mobile_width=&#8220;0&#8243; width=&#8220;1\/4&#8243;][vc_icon position=&#8220;left&#8220; icon=&#8220;fa fa-profile-male&#8220; icon_color=&#8220;color-wayh&#8220; size=&#8220;fa-3x&#8220; heading_semantic=&#8220;h5&#8243; text_size=&#8220;h5&#8243; text_height=&#8220;fontheight-524109&#8243; text_lead=&#8220;small&#8220; css_animation=&#8220;zoom-in&#8220; title=&#8220;Interested in study&#8220; uncode_shortcode_id=&#8220;177069&#8243; icon_color_type=&#8220;uncode-palette&#8220;]<a href=\"https:\/\/informatika.mendelu.cz\/xandrysk\/?page_id=87220\">Bachelor degree<\/a><br \/>\n<a href=\"https:\/\/informatika.mendelu.cz\/xandrysk\/?page_id=87224\">Master&#8217;s degree<\/a><br \/>\n<a href=\"https:\/\/informatika.mendelu.cz\/xandrysk\/?page_id=87903\">Specialized labs<\/a><br \/>\n<a href=\"https:\/\/informatika.mendelu.cz\/xandrysk\/?page_id=87905\">Faculty facilities<\/a><br \/>\n<a href=\"https:\/\/informatika.mendelu.cz\/xandrysk\/?page_id=87907\">University facilities<\/a>[\/vc_icon][\/vc_column_inner][vc_column_inner column_width_percent=&#8220;100&#8243; gutter_size=&#8220;3&#8243; overlay_alpha=&#8220;50&#8243; shift_x=&#8220;0&#8243; shift_y=&#8220;0&#8243; shift_y_down=&#8220;0&#8243; z_index=&#8220;0&#8243; medium_width=&#8220;0&#8243; mobile_width=&#8220;0&#8243; width=&#8220;1\/4&#8243;][vc_icon position=&#8220;left&#8220; icon=&#8220;fa fa-genius&#8220; icon_color=&#8220;color-wayh&#8220; size=&#8220;fa-3x&#8220; heading_semantic=&#8220;h5&#8243; text_size=&#8220;h5&#8243; text_height=&#8220;fontheight-524109&#8243; text_lead=&#8220;small&#8220; css_animation=&#8220;zoom-in&#8220; animation_delay=&#8220;100&#8243; title=&#8220;Students&#8220; uncode_shortcode_id=&#8220;155701&#8243; icon_color_type=&#8220;uncode-palette&#8220;]<a href=\"https:\/\/informatika.mendelu.cz\/xandrysk\/?page_id=87721\">Certifications<\/a><br \/>\n<a href=\"https:\/\/informatika.mendelu.cz\/xandrysk\/?page_id=87903\">Specialized labs<\/a><br \/>\n<a href=\"https:\/\/aurel.mendelu.cz\/projects\/ustav-informatiky\/wiki\/FAQ_uceben_UI\">FAQ u\u010deben \u00daI<\/a><br \/>\n<a href=\"https:\/\/aurel.mendelu.cz\/projects\/ustav-informatiky\/wiki\/Provozni_rad_pocitacovych_uceben_Ustavu_informatiky\">Provozn\u00ed \u0159\u00e1d u\u010deben<\/a>[\/vc_icon][\/vc_column_inner][vc_column_inner column_width_percent=&#8220;100&#8243; gutter_size=&#8220;3&#8243; overlay_alpha=&#8220;50&#8243; shift_x=&#8220;0&#8243; shift_y=&#8220;0&#8243; shift_y_down=&#8220;0&#8243; z_index=&#8220;0&#8243; medium_width=&#8220;0&#8243; mobile_width=&#8220;0&#8243; width=&#8220;1\/4&#8243;][vc_icon position=&#8220;left&#8220; icon=&#8220;fa fa-mobile2&#8243; icon_color=&#8220;color-wayh&#8220; size=&#8220;fa-3x&#8220; heading_semantic=&#8220;h5&#8243; text_size=&#8220;h5&#8243; text_height=&#8220;fontheight-524109&#8243; text_lead=&#8220;small&#8220; css_animation=&#8220;zoom-in&#8220; animation_delay=&#8220;200&#8243; title=&#8220;Companies&#8220; uncode_shortcode_id=&#8220;812703&#8243; icon_color_type=&#8220;uncode-palette&#8220;]<a href=\"https:\/\/informatika.mendelu.cz\/xandrysk\/?page_id=87645\">Cooperation<\/a><br \/>\n<a href=\"https:\/\/informatika.mendelu.cz\/xandrysk\/?page_id=87948\">Research teams<\/a><br \/>\n<a href=\"https:\/\/informatika.mendelu.cz\/xandrysk\/?page_id=87903\">Specialized labs<\/a>[\/vc_icon][\/vc_column_inner][vc_column_inner width=&#8220;1\/4&#8243;][vc_icon position=&#8220;left&#8220; icon=&#8220;fa fa-chat&#8220; icon_color=&#8220;color-wayh&#8220; size=&#8220;fa-3x&#8220; heading_semantic=&#8220;h5&#8243; text_size=&#8220;h5&#8243; text_height=&#8220;fontheight-524109&#8243; text_lead=&#8220;small&#8220; css_animation=&#8220;zoom-in&#8220; animation_delay=&#8220;300&#8243; title=&#8220;Schools&#8220; uncode_shortcode_id=&#8220;232482&#8243; icon_color_type=&#8220;uncode-palette&#8220;]<a href=\"https:\/\/informatika.mendelu.cz\/xandrysk\/?page_id=87536\">Cooperation<\/a><br \/>\n<a href=\"https:\/\/ecdl.mendelu.cz\/\">ECDL\/ICDL testing<\/a>[\/vc_icon][\/vc_column_inner][\/vc_row_inner][\/vc_column][\/vc_row]<\/p>\n<\/section>","protected":false},"excerpt":{"rendered":"<p>[vc_row row_height_percent=&#8220;70&#8243; overlay_alpha=&#8220;50&#8243; gutter_size=&#8220;3&#8243; column_width_percent=&#8220;100&#8243; shift_y=&#8220;0&#8243; z_index=&#8220;0&#8243; front_end_with_slider=&#8220;true&#8220; uncode_shortcode_id=&#8220;200162&#8243;][vc_column width=&#8220;1\/1&#8243;][uncode_slider slider_type=&#8220;fade&#8220; slider_interval=&#8220;5000&#8243; slider_navspeed=&#8220;400&#8243; slider_loop=&#8220;yes&#8220;][vc_row_inner row_inner_height_percent=&#8220;0&#8243; back_color=&#8220;color-jevc&#8220; back_image=&#8220;88240&#8243; parallax=&#8220;yes&#8220; overlay_color=&#8220;color-wayh&#8220; overlay_alpha=&#8220;20&#8243; [&hellip;]<\/p>\n","protected":false},"author":1,"featured_media":78585,"parent":0,"menu_order":0,"comment_status":"closed","ping_status":"closed","template":"","meta":{"footnotes":""},"class_list":["post-37056","page","type-page","status-publish","has-post-thumbnail","hentry","page_category-classic"],"_links":{"self":[{"href":"https:\/\/informatika.mendelu.cz\/en\/wp-json\/wp\/v2\/pages\/37056","targetHints":{"allow":["GET"]}}],"collection":[{"href":"https:\/\/informatika.mendelu.cz\/en\/wp-json\/wp\/v2\/pages"}],"about":[{"href":"https:\/\/informatika.mendelu.cz\/en\/wp-json\/wp\/v2\/types\/page"}],"author":[{"embeddable":true,"href":"https:\/\/informatika.mendelu.cz\/en\/wp-json\/wp\/v2\/users\/1"}],"replies":[{"embeddable":true,"href":"https:\/\/informatika.mendelu.cz\/en\/wp-json\/wp\/v2\/comments?post=37056"}],"version-history":[{"count":554,"href":"https:\/\/informatika.mendelu.cz\/en\/wp-json\/wp\/v2\/pages\/37056\/revisions"}],"predecessor-version":[{"id":89127,"href":"https:\/\/informatika.mendelu.cz\/en\/wp-json\/wp\/v2\/pages\/37056\/revisions\/89127"}],"wp:featuredmedia":[{"embeddable":true,"href":"https:\/\/informatika.mendelu.cz\/en\/wp-json\/wp\/v2\/media\/78585"}],"wp:attachment":[{"href":"https:\/\/informatika.mendelu.cz\/en\/wp-json\/wp\/v2\/media?parent=37056"}],"curies":[{"name":"wp","href":"https:\/\/api.w.org\/{rel}","templated":true}]}}